{"id":171,"date":"2014-04-09T23:44:13","date_gmt":"2014-04-09T21:44:13","guid":{"rendered":"http:\/\/naukawprzestrzeni.put.poznan.pl\/serwis\/?page_id=171"},"modified":"2014-06-11T09:35:27","modified_gmt":"2014-06-11T07:35:27","slug":"inspiracje","status":"publish","type":"page","link":"http:\/\/naukawprzestrzeni.put.poznan.pl\/serwis\/inspiracje\/","title":{"rendered":"Inspiracje"},"content":{"rendered":"<p>Dodaj i znajd\u017a inspiracj\u0119 z kraju i ze \u015bwiata, kt\u00f3re chcia\u0142by\u015b spotka\u0107 na swoich zaj\u0119ciach. Chcesz o nich podyskutowa\u0107 zajrzyj do grupy : <a href=\"https:\/\/www.facebook.com\/groups\/naukawprzestrzeni\/\" title=\"Nauka w Przestrzeni - Inspiracje\" target=\"_blank\">https:\/\/www.facebook.com\/groups\/naukawprzestrzeni\/<\/a>.<\/p>\n","protected":false},"excerpt":{"rendered":"<p>Dodaj i znajd\u017a inspiracj\u0119 z kraju i ze \u015bwiata, kt\u00f3re chcia\u0142by\u015b spotka\u0107 na swoich zaj\u0119ciach. Chcesz o nich podyskutowa\u0107 zajrzyj do grupy : https:\/\/www.facebook.com\/groups\/naukawprzestrzeni\/.<\/p>\n<a role=\"link\" class=\"rtp-readmore\" title=\"Czytaj dalej post pt. Inspiracje\" href=\"http:\/\/naukawprzestrzeni.put.poznan.pl\/serwis\/inspiracje\/\" rel=\"nofollow\">Czytaj dalej \u2192<\/a>","protected":false},"author":1,"featured_media":0,"parent":0,"menu_order":0,"comment_status":"closed","ping_status":"open","template":"inspiracje.php","meta":{"footnotes":""},"_links":{"self":[{"href":"http:\/\/naukawprzestrzeni.put.poznan.pl\/serwis\/wp-json\/wp\/v2\/pages\/171"}],"collection":[{"href":"http:\/\/naukawprzestrzeni.put.poznan.pl\/serwis\/wp-json\/wp\/v2\/pages"}],"about":[{"href":"http:\/\/naukawprzestrzeni.put.poznan.pl\/serwis\/wp-json\/wp\/v2\/types\/page"}],"author":[{"embeddable":true,"href":"http:\/\/naukawprzestrzeni.put.poznan.pl\/serwis\/wp-json\/wp\/v2\/users\/1"}],"replies":[{"embeddable":true,"href":"http:\/\/naukawprzestrzeni.put.poznan.pl\/serwis\/wp-json\/wp\/v2\/comments?post=171"}],"version-history":[{"count":6,"href":"http:\/\/naukawprzestrzeni.put.poznan.pl\/serwis\/wp-json\/wp\/v2\/pages\/171\/revisions"}],"predecessor-version":[{"id":707,"href":"http:\/\/naukawprzestrzeni.put.poznan.pl\/serwis\/wp-json\/wp\/v2\/pages\/171\/revisions\/707"}],"wp:attachment":[{"href":"http:\/\/naukawprzestrzeni.put.poznan.pl\/serwis\/wp-json\/wp\/v2\/media?parent=171"}],"curies":[{"name":"wp","href":"https:\/\/api.w.org\/{rel}","templated":true}]}}