{"id":1772,"date":"2014-11-20T22:05:49","date_gmt":"2014-11-20T21:05:49","guid":{"rendered":"http:\/\/naukawprzestrzeni.put.poznan.pl\/serwis\/?page_id=1772"},"modified":"2014-11-20T22:21:55","modified_gmt":"2014-11-20T21:21:55","slug":"miejsce-kreatywne","status":"publish","type":"page","link":"http:\/\/naukawprzestrzeni.put.poznan.pl\/serwis\/miejsce-kreatywne\/","title":{"rendered":"Miejsce kreatywne"},"content":{"rendered":"<p>Miejsce kreatywne to takie miejsce, w kt\u00f3rym uczniowie mog\u0105 w spos\u00f3b kreatywny sp\u0119dza\u0107 czas wolny, realizowa\u0107 projekty grupowe, czy po porostu tworzy\u0107 w\u0142asne dzie\u0142a. Mo\u017ce by\u0107 to miejsce wewn\u0105trz lub zewn\u0105trz budynku; mobilne lub stacjonarne,\u00a0daj\u0105ce mo\u017cliwo\u015b\u0107 wsparcia realizacji szkolnych tre\u015bci. Zapraszamy do dzielenia si\u0119 swoimi pomys\u0142ami!<\/p>\n","protected":false},"excerpt":{"rendered":"<p>Miejsce kreatywne to takie miejsce, w kt\u00f3rym uczniowie mog\u0105 w spos\u00f3b kreatywny sp\u0119dza\u0107 czas wolny, realizowa\u0107 projekty grupowe, czy po porostu tworzy\u0107 w\u0142asne dzie\u0142a. Mo\u017ce by\u0107 to miejsce wewn\u0105trz lub zewn\u0105trz budynku; mobilne lub stacjonarne,\u00a0daj\u0105ce mo\u017cliwo\u015b\u0107 wsparcia realizacji szkolnych tre\u015bci. Zapraszamy do dzielenia si\u0119 swoimi pomys\u0142ami!<\/p>\n<a role=\"link\" class=\"rtp-readmore\" title=\"Czytaj dalej post pt. Miejsce kreatywne\" href=\"http:\/\/naukawprzestrzeni.put.poznan.pl\/serwis\/miejsce-kreatywne\/\" rel=\"nofollow\">Czytaj dalej \u2192<\/a>","protected":false},"author":1,"featured_media":0,"parent":0,"menu_order":0,"comment_status":"closed","ping_status":"closed","template":"miejsce-kreatywne.php","meta":{"footnotes":""},"_links":{"self":[{"href":"http:\/\/naukawprzestrzeni.put.poznan.pl\/serwis\/wp-json\/wp\/v2\/pages\/1772"}],"collection":[{"href":"http:\/\/naukawprzestrzeni.put.poznan.pl\/serwis\/wp-json\/wp\/v2\/pages"}],"about":[{"href":"http:\/\/naukawprzestrzeni.put.poznan.pl\/serwis\/wp-json\/wp\/v2\/types\/page"}],"author":[{"embeddable":true,"href":"http:\/\/naukawprzestrzeni.put.poznan.pl\/serwis\/wp-json\/wp\/v2\/users\/1"}],"replies":[{"embeddable":true,"href":"http:\/\/naukawprzestrzeni.put.poznan.pl\/serwis\/wp-json\/wp\/v2\/comments?post=1772"}],"version-history":[{"count":1,"href":"http:\/\/naukawprzestrzeni.put.poznan.pl\/serwis\/wp-json\/wp\/v2\/pages\/1772\/revisions"}],"predecessor-version":[{"id":1773,"href":"http:\/\/naukawprzestrzeni.put.poznan.pl\/serwis\/wp-json\/wp\/v2\/pages\/1772\/revisions\/1773"}],"wp:attachment":[{"href":"http:\/\/naukawprzestrzeni.put.poznan.pl\/serwis\/wp-json\/wp\/v2\/media?parent=1772"}],"curies":[{"name":"wp","href":"https:\/\/api.w.org\/{rel}","templated":true}]}}