{"id":605,"date":"2014-05-21T20:43:30","date_gmt":"2014-05-21T18:43:30","guid":{"rendered":"http:\/\/naukawprzestrzeni.put.poznan.pl\/serwis\/?page_id=605"},"modified":"2015-03-16T21:43:56","modified_gmt":"2015-03-16T20:43:56","slug":"gotowe-scenariusze","status":"publish","type":"page","link":"http:\/\/naukawprzestrzeni.put.poznan.pl\/serwis\/gotowe-scenariusze\/","title":{"rendered":"Gotowe scenariusze"},"content":{"rendered":"<p><span style=\"font-family: inherit; font-size: 1rem; line-height: inherit;\">W tej zak\u0142adce b\u0119d\u0105 udost\u0119pniane sko\u0144czone i zatwierdzone przez organizator\u00f3w projektu scenariusze. W trakcie pracy nad swoim pomys\u0142em mo\u017cesz wzorowa\u0107 si\u0119 na innych, sprawdzonych i opublikowanych rozwi\u0105zaniach.<\/span><\/p>\n","protected":false},"excerpt":{"rendered":"<p>W tej zak\u0142adce b\u0119d\u0105 udost\u0119pniane sko\u0144czone i zatwierdzone przez organizator\u00f3w projektu scenariusze. W trakcie pracy nad swoim pomys\u0142em mo\u017cesz wzorowa\u0107 si\u0119 na innych, sprawdzonych i opublikowanych rozwi\u0105zaniach.<\/p>\n<a role=\"link\" class=\"rtp-readmore\" title=\"Czytaj dalej post pt. Gotowe scenariusze\" href=\"http:\/\/naukawprzestrzeni.put.poznan.pl\/serwis\/gotowe-scenariusze\/\" rel=\"nofollow\">Czytaj dalej \u2192<\/a>","protected":false},"author":1,"featured_media":0,"parent":0,"menu_order":0,"comment_status":"closed","ping_status":"closed","template":"scenariusze.php","meta":{"footnotes":""},"_links":{"self":[{"href":"http:\/\/naukawprzestrzeni.put.poznan.pl\/serwis\/wp-json\/wp\/v2\/pages\/605"}],"collection":[{"href":"http:\/\/naukawprzestrzeni.put.poznan.pl\/serwis\/wp-json\/wp\/v2\/pages"}],"about":[{"href":"http:\/\/naukawprzestrzeni.put.poznan.pl\/serwis\/wp-json\/wp\/v2\/types\/page"}],"author":[{"embeddable":true,"href":"http:\/\/naukawprzestrzeni.put.poznan.pl\/serwis\/wp-json\/wp\/v2\/users\/1"}],"replies":[{"embeddable":true,"href":"http:\/\/naukawprzestrzeni.put.poznan.pl\/serwis\/wp-json\/wp\/v2\/comments?post=605"}],"version-history":[{"count":10,"href":"http:\/\/naukawprzestrzeni.put.poznan.pl\/serwis\/wp-json\/wp\/v2\/pages\/605\/revisions"}],"predecessor-version":[{"id":2044,"href":"http:\/\/naukawprzestrzeni.put.poznan.pl\/serwis\/wp-json\/wp\/v2\/pages\/605\/revisions\/2044"}],"wp:attachment":[{"href":"http:\/\/naukawprzestrzeni.put.poznan.pl\/serwis\/wp-json\/wp\/v2\/media?parent=605"}],"curies":[{"name":"wp","href":"https:\/\/api.w.org\/{rel}","templated":true}]}}