{"id":65,"date":"2014-03-27T15:47:07","date_gmt":"2014-03-27T14:47:07","guid":{"rendered":"http:\/\/naukawprzestrzeni.put.poznan.pl\/serwis\/?page_id=65"},"modified":"2015-04-15T12:41:56","modified_gmt":"2015-04-15T10:41:56","slug":"pomysly-na-scenariusz","status":"publish","type":"page","link":"http:\/\/naukawprzestrzeni.put.poznan.pl\/serwis\/pomysly-na-scenariusz\/","title":{"rendered":"Pomys\u0142y na scenariusz"},"content":{"rendered":"<p>Tutaj jest miejsce na opublikowanie Twojego pomys\u0142u. Mo\u017cesz to zrobi\u0107 samodzielnie &#8211; zanim poznasz swojego partnera projektu,\u00a0lub te\u017c zg\u0142o\u015bcie sw\u00f3j pomys\u0142 wsp\u00f3lnie. Poczekaj na akceptacj\u0119 pomys\u0142u przez administratora serwisu.<br \/>\nGdy ju\u017c b\u0119dziesz zdecydowany na temat lekcji Nauki w przestrzeni &#8211; skontaktuj si\u0119 z autorem,\u00a0a nast\u0119pnie kliknij przycisk <strong>Chc\u0119 realizowa\u0107<\/strong>. <\/p>\n<p>Po &#8220;sparowaniu&#8221; nauczyciela i naukowca zainteresowanych wsp\u00f3\u0142prac\u0105 przy realizacji jednego tematu, w serwisie zostanie dodany szablon scenariusza, kt\u00f3ry zostaje nast\u0119pnie wype\u0142niony przez naukowca z asyst\u0105 nauczyciela. <\/p>\n","protected":false},"excerpt":{"rendered":"<p>Tutaj jest miejsce na opublikowanie Twojego pomys\u0142u. Mo\u017cesz to zrobi\u0107 samodzielnie &#8211; zanim poznasz swojego partnera projektu,\u00a0lub te\u017c zg\u0142o\u015bcie sw\u00f3j pomys\u0142 wsp\u00f3lnie. Poczekaj na akceptacj\u0119 pomys\u0142u przez administratora serwisu. Gdy ju\u017c b\u0119dziesz zdecydowany na temat lekcji Nauki w przestrzeni &#8211; skontaktuj si\u0119 z autorem,\u00a0a nast\u0119pnie kliknij przycisk Chc\u0119 realizowa\u0107. Po &#8220;sparowaniu&#8221; nauczyciela i naukowca zainteresowanych [&hellip;]<\/p>\n<a role=\"link\" class=\"rtp-readmore\" title=\"Czytaj dalej post pt. Pomys\u0142y na scenariusz\" href=\"http:\/\/naukawprzestrzeni.put.poznan.pl\/serwis\/pomysly-na-scenariusz\/\" rel=\"nofollow\">Czytaj dalej \u2192<\/a>","protected":false},"author":1,"featured_media":0,"parent":0,"menu_order":0,"comment_status":"closed","ping_status":"closed","template":"pomysly.php","meta":{"footnotes":""},"_links":{"self":[{"href":"http:\/\/naukawprzestrzeni.put.poznan.pl\/serwis\/wp-json\/wp\/v2\/pages\/65"}],"collection":[{"href":"http:\/\/naukawprzestrzeni.put.poznan.pl\/serwis\/wp-json\/wp\/v2\/pages"}],"about":[{"href":"http:\/\/naukawprzestrzeni.put.poznan.pl\/serwis\/wp-json\/wp\/v2\/types\/page"}],"author":[{"embeddable":true,"href":"http:\/\/naukawprzestrzeni.put.poznan.pl\/serwis\/wp-json\/wp\/v2\/users\/1"}],"replies":[{"embeddable":true,"href":"http:\/\/naukawprzestrzeni.put.poznan.pl\/serwis\/wp-json\/wp\/v2\/comments?post=65"}],"version-history":[{"count":15,"href":"http:\/\/naukawprzestrzeni.put.poznan.pl\/serwis\/wp-json\/wp\/v2\/pages\/65\/revisions"}],"predecessor-version":[{"id":1708,"href":"http:\/\/naukawprzestrzeni.put.poznan.pl\/serwis\/wp-json\/wp\/v2\/pages\/65\/revisions\/1708"}],"wp:attachment":[{"href":"http:\/\/naukawprzestrzeni.put.poznan.pl\/serwis\/wp-json\/wp\/v2\/media?parent=65"}],"curies":[{"name":"wp","href":"https:\/\/api.w.org\/{rel}","templated":true}]}}