{"id":68,"date":"2014-03-27T16:02:36","date_gmt":"2014-03-27T15:02:36","guid":{"rendered":"http:\/\/naukawprzestrzeni.put.poznan.pl\/serwis\/?page_id=68"},"modified":"2014-05-15T13:16:21","modified_gmt":"2014-05-15T11:16:21","slug":"podstawy-programowe","status":"publish","type":"page","link":"http:\/\/naukawprzestrzeni.put.poznan.pl\/serwis\/podstawy-programowe\/","title":{"rendered":"Podstawy programowe"},"content":{"rendered":"<p>Poni\u017cej prezentujemy list\u0119 wszystkich przedmiot\u00f3w prowadzonych w szko\u0142ach gimnazjalnych. Przy uk\u0142adaniu scenariusza lekcji\u00a0<i>Nauki w przestrzeni<\/i>, prosimy o zapoznanie si\u0119 z podstawami programowymi, kt\u00f3re s\u0105 dost\u0119pne po klikni\u0119ciu na link. Tworzone scenariusze powinny \u0142\u0105czy\u0107 si\u0119 z programem zaj\u0119\u0107 proponowanym przez Ministerstwo Edukacji Narodowej. Prosimy o zaznaczanie wybranych fragment\u00f3w i zostawianie komentarzy w celu wskazania powi\u0105za\u0144 swojego pomys\u0142u z podstaw\u0105 programow\u0105.<\/p>\n","protected":false},"excerpt":{"rendered":"<p>Poni\u017cej prezentujemy list\u0119 wszystkich przedmiot\u00f3w prowadzonych w szko\u0142ach gimnazjalnych. Przy uk\u0142adaniu scenariusza lekcji\u00a0Nauki w przestrzeni, prosimy o zapoznanie si\u0119 z podstawami programowymi, kt\u00f3re s\u0105 dost\u0119pne po klikni\u0119ciu na link. Tworzone scenariusze powinny \u0142\u0105czy\u0107 si\u0119 z programem zaj\u0119\u0107 proponowanym przez Ministerstwo Edukacji Narodowej. Prosimy o zaznaczanie wybranych fragment\u00f3w i zostawianie komentarzy w celu wskazania powi\u0105za\u0144 swojego [&hellip;]<\/p>\n<a role=\"link\" class=\"rtp-readmore\" title=\"Czytaj dalej post pt. Podstawy programowe\" href=\"http:\/\/naukawprzestrzeni.put.poznan.pl\/serwis\/podstawy-programowe\/\" rel=\"nofollow\">Czytaj dalej \u2192<\/a>","protected":false},"author":1,"featured_media":0,"parent":0,"menu_order":0,"comment_status":"open","ping_status":"open","template":"podstawy.php","meta":{"footnotes":""},"_links":{"self":[{"href":"http:\/\/naukawprzestrzeni.put.poznan.pl\/serwis\/wp-json\/wp\/v2\/pages\/68"}],"collection":[{"href":"http:\/\/naukawprzestrzeni.put.poznan.pl\/serwis\/wp-json\/wp\/v2\/pages"}],"about":[{"href":"http:\/\/naukawprzestrzeni.put.poznan.pl\/serwis\/wp-json\/wp\/v2\/types\/page"}],"author":[{"embeddable":true,"href":"http:\/\/naukawprzestrzeni.put.poznan.pl\/serwis\/wp-json\/wp\/v2\/users\/1"}],"replies":[{"embeddable":true,"href":"http:\/\/naukawprzestrzeni.put.poznan.pl\/serwis\/wp-json\/wp\/v2\/comments?post=68"}],"version-history":[{"count":5,"href":"http:\/\/naukawprzestrzeni.put.poznan.pl\/serwis\/wp-json\/wp\/v2\/pages\/68\/revisions"}],"predecessor-version":[{"id":594,"href":"http:\/\/naukawprzestrzeni.put.poznan.pl\/serwis\/wp-json\/wp\/v2\/pages\/68\/revisions\/594"}],"wp:attachment":[{"href":"http:\/\/naukawprzestrzeni.put.poznan.pl\/serwis\/wp-json\/wp\/v2\/media?parent=68"}],"curies":[{"name":"wp","href":"https:\/\/api.w.org\/{rel}","templated":true}]}}