{"id":810,"date":"2014-07-06T23:07:12","date_gmt":"2014-07-06T21:07:12","guid":{"rendered":"http:\/\/naukawprzestrzeni.put.poznan.pl\/serwis\/?page_id=810"},"modified":"2014-07-07T16:33:22","modified_gmt":"2014-07-07T14:33:22","slug":"pomysly-na-scenariusz-tag","status":"publish","type":"page","link":"http:\/\/naukawprzestrzeni.put.poznan.pl\/serwis\/pomysly-na-scenariusz-tag\/","title":{"rendered":"Pomys\u0142y na scenariusz &#8211; tag:"},"content":{"rendered":"<p>Tutaj jest miejsce na opublikowanie Twojego pomys\u0142u. Mo\u017cesz to zrobi\u0107 samodzielnie \u2013 zanim poznasz swojego partnera projektu,\u00a0lub te\u017c zg\u0142o\u015bcie sw\u00f3j pomys\u0142 wsp\u00f3lnie.Gdy ju\u017c b\u0119dziesz zdecydowany na temat lekcji Nauki w przestrzeni \u2013 skontaktuj si\u0119 z autorem,\u00a0a nast\u0119pnie kliknij przycisk\u00a0<strong>Chc\u0119 realizowa\u0107<\/strong>.<\/p>\n","protected":false},"excerpt":{"rendered":"<p>Tutaj jest miejsce na opublikowanie Twojego pomys\u0142u. Mo\u017cesz to zrobi\u0107 samodzielnie \u2013 zanim poznasz swojego partnera projektu,\u00a0lub te\u017c zg\u0142o\u015bcie sw\u00f3j pomys\u0142 wsp\u00f3lnie.Gdy ju\u017c b\u0119dziesz zdecydowany na temat lekcji Nauki w przestrzeni \u2013 skontaktuj si\u0119 z autorem,\u00a0a nast\u0119pnie kliknij przycisk\u00a0Chc\u0119 realizowa\u0107.<\/p>\n<a role=\"link\" class=\"rtp-readmore\" title=\"Czytaj dalej post pt. Pomys\u0142y na scenariusz &#8211; tag:\" href=\"http:\/\/naukawprzestrzeni.put.poznan.pl\/serwis\/pomysly-na-scenariusz-tag\/\" rel=\"nofollow\">Czytaj dalej \u2192<\/a>","protected":false},"author":1,"featured_media":0,"parent":0,"menu_order":0,"comment_status":"open","ping_status":"open","template":"pomysly_tagi.php","meta":{"footnotes":""},"_links":{"self":[{"href":"http:\/\/naukawprzestrzeni.put.poznan.pl\/serwis\/wp-json\/wp\/v2\/pages\/810"}],"collection":[{"href":"http:\/\/naukawprzestrzeni.put.poznan.pl\/serwis\/wp-json\/wp\/v2\/pages"}],"about":[{"href":"http:\/\/naukawprzestrzeni.put.poznan.pl\/serwis\/wp-json\/wp\/v2\/types\/page"}],"author":[{"embeddable":true,"href":"http:\/\/naukawprzestrzeni.put.poznan.pl\/serwis\/wp-json\/wp\/v2\/users\/1"}],"replies":[{"embeddable":true,"href":"http:\/\/naukawprzestrzeni.put.poznan.pl\/serwis\/wp-json\/wp\/v2\/comments?post=810"}],"version-history":[{"count":4,"href":"http:\/\/naukawprzestrzeni.put.poznan.pl\/serwis\/wp-json\/wp\/v2\/pages\/810\/revisions"}],"predecessor-version":[{"id":815,"href":"http:\/\/naukawprzestrzeni.put.poznan.pl\/serwis\/wp-json\/wp\/v2\/pages\/810\/revisions\/815"}],"wp:attachment":[{"href":"http:\/\/naukawprzestrzeni.put.poznan.pl\/serwis\/wp-json\/wp\/v2\/media?parent=810"}],"curies":[{"name":"wp","href":"https:\/\/api.w.org\/{rel}","templated":true}]}}