{"id":816,"date":"2014-07-07T16:49:29","date_gmt":"2014-07-07T14:49:29","guid":{"rendered":"http:\/\/naukawprzestrzeni.put.poznan.pl\/serwis\/?page_id=816"},"modified":"2014-07-07T16:51:40","modified_gmt":"2014-07-07T14:51:40","slug":"inspiracje-tag","status":"publish","type":"page","link":"http:\/\/naukawprzestrzeni.put.poznan.pl\/serwis\/inspiracje-tag\/","title":{"rendered":"Inspiracje &#8211; tag:"},"content":{"rendered":"<p>Dodaj i znajd\u017a inspiracj\u0119 z kraju i ze \u015bwiata, kt\u00f3re chcia\u0142by\u015b spotka\u0107 na swoich zaj\u0119ciach. Chcesz o nich podyskutowa\u0107 zajrzyj do grupy : <a title=\"Nauka w Przestrzeni - Inspiracje\" href=\"https:\/\/www.facebook.com\/groups\/naukawprzestrzeni\/\" target=\"_blank\">https:\/\/www.facebook.com\/groups\/naukawprzestrzeni\/<\/a>.<\/p>\n","protected":false},"excerpt":{"rendered":"<p>Dodaj i znajd\u017a inspiracj\u0119 z kraju i ze \u015bwiata, kt\u00f3re chcia\u0142by\u015b spotka\u0107 na swoich zaj\u0119ciach. Chcesz o nich podyskutowa\u0107 zajrzyj do grupy : https:\/\/www.facebook.com\/groups\/naukawprzestrzeni\/.<\/p>\n<a role=\"link\" class=\"rtp-readmore\" title=\"Czytaj dalej post pt. Inspiracje &#8211; tag:\" href=\"http:\/\/naukawprzestrzeni.put.poznan.pl\/serwis\/inspiracje-tag\/\" rel=\"nofollow\">Czytaj dalej \u2192<\/a>","protected":false},"author":1,"featured_media":0,"parent":0,"menu_order":0,"comment_status":"open","ping_status":"open","template":"inspiracje_tag.php","meta":{"footnotes":""},"_links":{"self":[{"href":"http:\/\/naukawprzestrzeni.put.poznan.pl\/serwis\/wp-json\/wp\/v2\/pages\/816"}],"collection":[{"href":"http:\/\/naukawprzestrzeni.put.poznan.pl\/serwis\/wp-json\/wp\/v2\/pages"}],"about":[{"href":"http:\/\/naukawprzestrzeni.put.poznan.pl\/serwis\/wp-json\/wp\/v2\/types\/page"}],"author":[{"embeddable":true,"href":"http:\/\/naukawprzestrzeni.put.poznan.pl\/serwis\/wp-json\/wp\/v2\/users\/1"}],"replies":[{"embeddable":true,"href":"http:\/\/naukawprzestrzeni.put.poznan.pl\/serwis\/wp-json\/wp\/v2\/comments?post=816"}],"version-history":[{"count":5,"href":"http:\/\/naukawprzestrzeni.put.poznan.pl\/serwis\/wp-json\/wp\/v2\/pages\/816\/revisions"}],"predecessor-version":[{"id":821,"href":"http:\/\/naukawprzestrzeni.put.poznan.pl\/serwis\/wp-json\/wp\/v2\/pages\/816\/revisions\/821"}],"wp:attachment":[{"href":"http:\/\/naukawprzestrzeni.put.poznan.pl\/serwis\/wp-json\/wp\/v2\/media?parent=816"}],"curies":[{"name":"wp","href":"https:\/\/api.w.org\/{rel}","templated":true}]}}